{"id":620,"date":"2025-01-31T14:00:54","date_gmt":"2025-01-31T14:00:54","guid":{"rendered":"https:\/\/fueldmotion.com\/?post_type=product&#038;p=620"},"modified":"2025-03-13T20:41:13","modified_gmt":"2025-03-13T20:41:13","slug":"ride-of-the-vast","status":"publish","type":"product","link":"https:\/\/fueldmotion.com\/fr\/produit\/ride-of-the-vast\/","title":{"rendered":"RIDE OF THE VAST"},"content":{"rendered":"<p><em>L\u2019horizon appelle, et l\u2019immensit\u00e9 r\u00e9pond.<\/em><\/p>\n<p><em>\"Ride of the Vast\" capture l\u2019aventure solitaire, o\u00f9 l\u2019immensit\u00e9 du paysage s\u2019\u00e9tend \u00e0 perte de vue. \u00c0 travers ses tons noirs et blancs, ce shot vous transporte dans un monde o\u00f9 l\u2019horizon est un appel \u00e0 l\u2019inconnu.<\/em><\/p>\n<p><em>Ce tirage rend hommage \u00e0 ceux qui vivent pour l'aventure et qui r\u00eavent au-del\u00e0 de l\u2019horizon. Craquez pour \"Ride of the Vast\", et laissez son \u00e9nergie alimenter votre prochaine aventure depuis chez vous. <\/em><em>piece of the untamed. Bring &#8220;Ride of the Vast&#8221; into your home, and let its energy fuel your next adventure.<\/em><\/p>","protected":false},"excerpt":{"rendered":"<p>The horizon calls, and the vastness answers. &#8220;Ride of the vast&#8221; captures the essence of boundless freedom and untamed adventure, [&hellip;]<\/p>","protected":false},"featured_media":1478,"comment_status":"open","ping_status":"closed","template":"","meta":{"om_disable_all_campaigns":false,"_monsterinsights_skip_tracking":false,"_monsterinsights_sitenote_active":false,"_monsterinsights_sitenote_note":"","_monsterinsights_sitenote_category":0,"site-sidebar-layout":"default","site-content-layout":"","ast-site-content-layout":"default","site-content-style":"default","site-sidebar-style":"default","ast-global-header-display":"","ast-banner-title-visibility":"","ast-main-header-display":"","ast-hfb-above-header-display":"","ast-hfb-below-header-display":"","ast-hfb-mobile-header-display":"","site-post-title":"","ast-breadcrumbs-content":"","ast-featured-img":"","footer-sml-layout":"","theme-transparent-header-meta":"default","adv-header-id-meta":"","stick-header-meta":"","header-above-stick-meta":"","header-main-stick-meta":"","header-below-stick-meta":"","astra-migrate-meta-layouts":"set","ast-page-background-enabled":"default","ast-page-background-meta":{"desktop":{"background-color":"var(--ast-global-color-5)","background-image":"","background-repeat":"repeat","background-position":"center center","background-size":"auto","background-attachment":"scroll","background-type":"","background-media":"","overlay-type":"","overlay-color":"","overlay-opacity":"","overlay-gradient":""},"tablet":{"background-color":"","background-image":"","background-repeat":"repeat","background-position":"center center","background-size":"auto","background-attachment":"scroll","background-type":"","background-media":"","overlay-type":"","overlay-color":"","overlay-opacity":"","overlay-gradient":""},"mobile":{"background-color":"","background-image":"","background-repeat":"repeat","background-position":"center center","background-size":"auto","background-attachment":"scroll","background-type":"","background-media":"","overlay-type":"","overlay-color":"","overlay-opacity":"","overlay-gradient":""}},"ast-content-background-meta":{"desktop":{"background-color":"var(--ast-global-color-4)","background-image":"","background-repeat":"repeat","background-position":"center center","background-size":"auto","background-attachment":"scroll","background-type":"","background-media":"","overlay-type":"","overlay-color":"","overlay-opacity":"","overlay-gradient":""},"tablet":{"background-color":"var(--ast-global-color-4)","background-image":"","background-repeat":"repeat","background-position":"center center","background-size":"auto","background-attachment":"scroll","background-type":"","background-media":"","overlay-type":"","overlay-color":"","overlay-opacity":"","overlay-gradient":""},"mobile":{"background-color":"var(--ast-global-color-4)","background-image":"","background-repeat":"repeat","background-position":"center center","background-size":"auto","background-attachment":"scroll","background-type":"","background-media":"","overlay-type":"","overlay-color":"","overlay-opacity":"","overlay-gradient":""}}},"product_brand":[],"product_cat":[31],"product_tag":[],"class_list":{"0":"post-620","1":"product","2":"type-product","3":"status-publish","4":"has-post-thumbnail","6":"product_cat-jennifer-lavaud","7":"desktop-align-left","8":"tablet-align-left","9":"mobile-align-left","11":"first","12":"instock","13":"shipping-taxable","14":"purchasable","15":"product-type-variable"},"_links":{"self":[{"href":"https:\/\/fueldmotion.com\/fr\/wp-json\/wp\/v2\/product\/620","targetHints":{"allow":["GET"]}}],"collection":[{"href":"https:\/\/fueldmotion.com\/fr\/wp-json\/wp\/v2\/product"}],"about":[{"href":"https:\/\/fueldmotion.com\/fr\/wp-json\/wp\/v2\/types\/product"}],"replies":[{"embeddable":true,"href":"https:\/\/fueldmotion.com\/fr\/wp-json\/wp\/v2\/comments?post=620"}],"wp:featuredmedia":[{"embeddable":true,"href":"https:\/\/fueldmotion.com\/fr\/wp-json\/wp\/v2\/media\/1478"}],"wp:attachment":[{"href":"https:\/\/fueldmotion.com\/fr\/wp-json\/wp\/v2\/media?parent=620"}],"wp:term":[{"taxonomy":"product_brand","embeddable":true,"href":"https:\/\/fueldmotion.com\/fr\/wp-json\/wp\/v2\/product_brand?post=620"},{"taxonomy":"product_cat","embeddable":true,"href":"https:\/\/fueldmotion.com\/fr\/wp-json\/wp\/v2\/product_cat?post=620"},{"taxonomy":"product_tag","embeddable":true,"href":"https:\/\/fueldmotion.com\/fr\/wp-json\/wp\/v2\/product_tag?post=620"}],"curies":[{"name":"wp","href":"https:\/\/api.w.org\/{rel}","templated":true}]}}