{"id":2809,"date":"2025-02-20T11:27:14","date_gmt":"2025-02-20T11:27:14","guid":{"rendered":"https:\/\/fueldmotion.com\/?post_type=product&#038;p=2809"},"modified":"2025-03-13T20:38:06","modified_gmt":"2025-03-13T20:38:06","slug":"tall-guardians","status":"publish","type":"product","link":"https:\/\/fueldmotion.com\/fr\/produit\/tall-guardians\/","title":{"rendered":"TALL GUARDIANS"},"content":{"rendered":"<p><em>\"Tall Guardians\" est un hommage aux palmiers embl\u00e9matiques de Palm Springs, symbole de l'\u00e9l\u00e9gance intemporelle.\n\nLeurs silhouettes imposantes dominent le paysage, comme les gardiens des villas au style des ann\u00e9es 50. En noir et blanc, cette photo vous transporte dans les c\u00e9l\u00e8bres quartiers r\u00e9sidentiels de Palm Springs, un lieu iconique pour les cr\u00e9atifs, les visionnaires et les aventuriers.<\/em><\/p>\n<p><em>Pour les amoureux du d\u00e9sert et ceux qui appr\u00e9cient les clich\u00e9s \u00e9voquant l'\u00e2ge d'or de Palm Springs, ce tirage apporte un morceau de cette \u00e9poque unique dans votre espace\u2014c\u00e9l\u00e9brant la beaut\u00e9 brute et l'\u00e9l\u00e9gance moderne qui d\u00e9finissent ce paysage intemporel.<\/em><\/p>\n<p><em class=\"masquer-fr\">For desert lovers and those who appreciate scenic shots that evoke the golden age of Palm Springs, this print brings a piece of that unique era into your space\u2014celebrating the raw beauty and modern elegance that define this timeless landscape.<\/em><\/p>","protected":false},"excerpt":{"rendered":"<p>&#8220;Tall Guardians&#8221; captures the essence of Palm Springs\u2014where the iconic palm trees stand as a symbol of timeless elegance. These [&hellip;]<\/p>","protected":false},"featured_media":3904,"comment_status":"open","ping_status":"closed","template":"","meta":{"om_disable_all_campaigns":false,"_monsterinsights_skip_tracking":false,"_monsterinsights_sitenote_active":false,"_monsterinsights_sitenote_note":"","_monsterinsights_sitenote_category":0,"site-sidebar-layout":"default","site-content-layout":"","ast-site-content-layout":"default","site-content-style":"default","site-sidebar-style":"default","ast-global-header-display":"","ast-banner-title-visibility":"","ast-main-header-display":"","ast-hfb-above-header-display":"","ast-hfb-below-header-display":"","ast-hfb-mobile-header-display":"","site-post-title":"","ast-breadcrumbs-content":"","ast-featured-img":"","footer-sml-layout":"","theme-transparent-header-meta":"default","adv-header-id-meta":"","stick-header-meta":"","header-above-stick-meta":"","header-main-stick-meta":"","header-below-stick-meta":"","astra-migrate-meta-layouts":"set","ast-page-background-enabled":"default","ast-page-background-meta":{"desktop":{"background-color":"var(--ast-global-color-5)","background-image":"","background-repeat":"repeat","background-position":"center center","background-size":"auto","background-attachment":"scroll","background-type":"","background-media":"","overlay-type":"","overlay-color":"","overlay-opacity":"","overlay-gradient":""},"tablet":{"background-color":"","background-image":"","background-repeat":"repeat","background-position":"center center","background-size":"auto","background-attachment":"scroll","background-type":"","background-media":"","overlay-type":"","overlay-color":"","overlay-opacity":"","overlay-gradient":""},"mobile":{"background-color":"","background-image":"","background-repeat":"repeat","background-position":"center center","background-size":"auto","background-attachment":"scroll","background-type":"","background-media":"","overlay-type":"","overlay-color":"","overlay-opacity":"","overlay-gradient":""}},"ast-content-background-meta":{"desktop":{"background-color":"var(--ast-global-color-4)","background-image":"","background-repeat":"repeat","background-position":"center center","background-size":"auto","background-attachment":"scroll","background-type":"","background-media":"","overlay-type":"","overlay-color":"","overlay-opacity":"","overlay-gradient":""},"tablet":{"background-color":"var(--ast-global-color-4)","background-image":"","background-repeat":"repeat","background-position":"center center","background-size":"auto","background-attachment":"scroll","background-type":"","background-media":"","overlay-type":"","overlay-color":"","overlay-opacity":"","overlay-gradient":""},"mobile":{"background-color":"var(--ast-global-color-4)","background-image":"","background-repeat":"repeat","background-position":"center center","background-size":"auto","background-attachment":"scroll","background-type":"","background-media":"","overlay-type":"","overlay-color":"","overlay-opacity":"","overlay-gradient":""}}},"product_brand":[],"product_cat":[31],"product_tag":[],"class_list":{"0":"post-2809","1":"product","2":"type-product","3":"status-publish","4":"has-post-thumbnail","6":"product_cat-jennifer-lavaud","7":"desktop-align-left","8":"tablet-align-left","9":"mobile-align-left","11":"first","12":"instock","13":"shipping-taxable","14":"purchasable","15":"product-type-variable"},"_links":{"self":[{"href":"https:\/\/fueldmotion.com\/fr\/wp-json\/wp\/v2\/product\/2809","targetHints":{"allow":["GET"]}}],"collection":[{"href":"https:\/\/fueldmotion.com\/fr\/wp-json\/wp\/v2\/product"}],"about":[{"href":"https:\/\/fueldmotion.com\/fr\/wp-json\/wp\/v2\/types\/product"}],"replies":[{"embeddable":true,"href":"https:\/\/fueldmotion.com\/fr\/wp-json\/wp\/v2\/comments?post=2809"}],"wp:featuredmedia":[{"embeddable":true,"href":"https:\/\/fueldmotion.com\/fr\/wp-json\/wp\/v2\/media\/3904"}],"wp:attachment":[{"href":"https:\/\/fueldmotion.com\/fr\/wp-json\/wp\/v2\/media?parent=2809"}],"wp:term":[{"taxonomy":"product_brand","embeddable":true,"href":"https:\/\/fueldmotion.com\/fr\/wp-json\/wp\/v2\/product_brand?post=2809"},{"taxonomy":"product_cat","embeddable":true,"href":"https:\/\/fueldmotion.com\/fr\/wp-json\/wp\/v2\/product_cat?post=2809"},{"taxonomy":"product_tag","embeddable":true,"href":"https:\/\/fueldmotion.com\/fr\/wp-json\/wp\/v2\/product_tag?post=2809"}],"curies":[{"name":"wp","href":"https:\/\/api.w.org\/{rel}","templated":true}]}}