{"id":2805,"date":"2025-02-20T11:18:09","date_gmt":"2025-02-20T11:18:09","guid":{"rendered":"https:\/\/fueldmotion.com\/?post_type=product&#038;p=2805"},"modified":"2025-03-13T20:38:43","modified_gmt":"2025-03-13T20:38:43","slug":"sunset-sanctuary","status":"publish","type":"product","link":"https:\/\/fueldmotion.com\/fr\/produit\/sunset-sanctuary\/","title":{"rendered":"SUNSET SANCTUARY"},"content":{"rendered":"<p><em>Venice Beach a ce quelque chose au coucher du soleil dont je ne me lasserai jamais. Le ciel prend feu, l'air devient diff\u00e9rent, et pendant un instant, le temps semble suspendu.\nJe ne compte plus le nombre de soir\u00e9es pass\u00e9es ici, appareil photo \u00e0 la main, \u00e0 chercher cet \u00e9quilibre parfait entre lumi\u00e8re et mouvement.<br \/>\nCe skatepark, c'est un monde \u00e0 part, un rythme que je pourrais observer pendant des heures. \"Sunset Sanctuary\" repr\u00e9sente une part de moi, de ce pourquoi je suis tomb\u00e9e amoureuse de la lumi\u00e8re et de l'\u00e9nergie de LA. C'est mon \"refuge\", ce lieu o\u00f9 tout ralentit tout en continuant d'osciller.<\/em><\/p>\n<p><em class=\"masquer-fr\">The skatepark is its own world, a rhythm I could watch forever. Skaters defying gravity, carving their own lines against the fading sun. &#8220;Sunset Sanctuary&#8221; is exactly that for me\u2014a place where everything slows down, yet never stops moving. As the sun was on the verge of giving way to the night, I met Isiah\u2014suspended in the air, caught between light and shadow.<\/em><\/p>\n<p><em class=\"masquer-fr\">This shot is a piece of that feeling, a glimpse of the energy I return to every time I\u2019m in LA.<\/em><\/p>","protected":false},"excerpt":{"rendered":"<p>There\u2019s something about Venice Beach at sunset that always pulls me back. The sky turns to fire, the air shifts, [&hellip;]<\/p>","protected":false},"featured_media":2802,"comment_status":"open","ping_status":"closed","template":"","meta":{"om_disable_all_campaigns":false,"_monsterinsights_skip_tracking":false,"_monsterinsights_sitenote_active":false,"_monsterinsights_sitenote_note":"","_monsterinsights_sitenote_category":0,"site-sidebar-layout":"default","site-content-layout":"","ast-site-content-layout":"default","site-content-style":"default","site-sidebar-style":"default","ast-global-header-display":"","ast-banner-title-visibility":"","ast-main-header-display":"","ast-hfb-above-header-display":"","ast-hfb-below-header-display":"","ast-hfb-mobile-header-display":"","site-post-title":"","ast-breadcrumbs-content":"","ast-featured-img":"","footer-sml-layout":"","theme-transparent-header-meta":"default","adv-header-id-meta":"","stick-header-meta":"","header-above-stick-meta":"","header-main-stick-meta":"","header-below-stick-meta":"","astra-migrate-meta-layouts":"set","ast-page-background-enabled":"default","ast-page-background-meta":{"desktop":{"background-color":"var(--ast-global-color-5)","background-image":"","background-repeat":"repeat","background-position":"center center","background-size":"auto","background-attachment":"scroll","background-type":"","background-media":"","overlay-type":"","overlay-color":"","overlay-opacity":"","overlay-gradient":""},"tablet":{"background-color":"","background-image":"","background-repeat":"repeat","background-position":"center center","background-size":"auto","background-attachment":"scroll","background-type":"","background-media":"","overlay-type":"","overlay-color":"","overlay-opacity":"","overlay-gradient":""},"mobile":{"background-color":"","background-image":"","background-repeat":"repeat","background-position":"center center","background-size":"auto","background-attachment":"scroll","background-type":"","background-media":"","overlay-type":"","overlay-color":"","overlay-opacity":"","overlay-gradient":""}},"ast-content-background-meta":{"desktop":{"background-color":"var(--ast-global-color-4)","background-image":"","background-repeat":"repeat","background-position":"center center","background-size":"auto","background-attachment":"scroll","background-type":"","background-media":"","overlay-type":"","overlay-color":"","overlay-opacity":"","overlay-gradient":""},"tablet":{"background-color":"var(--ast-global-color-4)","background-image":"","background-repeat":"repeat","background-position":"center center","background-size":"auto","background-attachment":"scroll","background-type":"","background-media":"","overlay-type":"","overlay-color":"","overlay-opacity":"","overlay-gradient":""},"mobile":{"background-color":"var(--ast-global-color-4)","background-image":"","background-repeat":"repeat","background-position":"center center","background-size":"auto","background-attachment":"scroll","background-type":"","background-media":"","overlay-type":"","overlay-color":"","overlay-opacity":"","overlay-gradient":""}}},"product_brand":[],"product_cat":[31],"product_tag":[],"class_list":{"0":"post-2805","1":"product","2":"type-product","3":"status-publish","4":"has-post-thumbnail","6":"product_cat-jennifer-lavaud","7":"desktop-align-left","8":"tablet-align-left","9":"mobile-align-left","11":"first","12":"instock","13":"shipping-taxable","14":"purchasable","15":"product-type-variable"},"_links":{"self":[{"href":"https:\/\/fueldmotion.com\/fr\/wp-json\/wp\/v2\/product\/2805","targetHints":{"allow":["GET"]}}],"collection":[{"href":"https:\/\/fueldmotion.com\/fr\/wp-json\/wp\/v2\/product"}],"about":[{"href":"https:\/\/fueldmotion.com\/fr\/wp-json\/wp\/v2\/types\/product"}],"replies":[{"embeddable":true,"href":"https:\/\/fueldmotion.com\/fr\/wp-json\/wp\/v2\/comments?post=2805"}],"wp:featuredmedia":[{"embeddable":true,"href":"https:\/\/fueldmotion.com\/fr\/wp-json\/wp\/v2\/media\/2802"}],"wp:attachment":[{"href":"https:\/\/fueldmotion.com\/fr\/wp-json\/wp\/v2\/media?parent=2805"}],"wp:term":[{"taxonomy":"product_brand","embeddable":true,"href":"https:\/\/fueldmotion.com\/fr\/wp-json\/wp\/v2\/product_brand?post=2805"},{"taxonomy":"product_cat","embeddable":true,"href":"https:\/\/fueldmotion.com\/fr\/wp-json\/wp\/v2\/product_cat?post=2805"},{"taxonomy":"product_tag","embeddable":true,"href":"https:\/\/fueldmotion.com\/fr\/wp-json\/wp\/v2\/product_tag?post=2805"}],"curies":[{"name":"wp","href":"https:\/\/api.w.org\/{rel}","templated":true}]}}