{"id":358,"date":"2025-01-30T10:59:29","date_gmt":"2025-01-30T10:59:29","guid":{"rendered":"https:\/\/fueldmotion.com\/?page_id=358"},"modified":"2025-03-17T16:08:36","modified_gmt":"2025-03-17T16:08:36","slug":"motion","status":"publish","type":"page","link":"https:\/\/fueldmotion.com\/fr\/motion\/","title":{"rendered":"VIDEO"},"content":{"rendered":"<style>.elementor-358 .elementor-element.elementor-element-82b37c2{--display:flex;--min-height:349px;--flex-direction:column;--container-widget-width:100%;--container-widget-height:initial;--container-widget-flex-grow:0;--container-widget-align-self:initial;--flex-wrap-mobile:wrap;--overlay-opacity:0.5;--overlay-mix-blend-mode:multiply;--margin-top:-19rem;--margin-bottom:0rem;--margin-left:0rem;--margin-right:0rem;}.elementor-358 .elementor-element.elementor-element-82b37c2::before, .elementor-358 .elementor-element.elementor-element-82b37c2 > .elementor-background-video-container::before, .elementor-358 .elementor-element.elementor-element-82b37c2 > .e-con-inner > .elementor-background-video-container::before, .elementor-358 .elementor-element.elementor-element-82b37c2 > .elementor-background-slideshow::before, .elementor-358 .elementor-element.elementor-element-82b37c2 > .e-con-inner > .elementor-background-slideshow::before, .elementor-358 .elementor-element.elementor-element-82b37c2 > .elementor-motion-effects-container > .elementor-motion-effects-layer::before{background-image:url(\"https:\/\/fueldmotion.com\/wp-content\/uploads\/2025\/02\/WhatsApp-Image-2025-01-28-at-10.04-Photoroom.jpg\");--background-overlay:'';background-position:center center;background-size:cover;}.elementor-358 .elementor-element.elementor-element-82b37c2::before{filter:brightness( 103% ) contrast( 100% ) saturate( 100% ) blur( 0px ) hue-rotate( 0deg );}.elementor-358 .elementor-element.elementor-element-b47b9fd{--display:flex;--flex-direction:column;--container-widget-width:100%;--container-widget-height:initial;--container-widget-flex-grow:0;--container-widget-align-self:initial;--flex-wrap-mobile:wrap;--justify-content:center;--overlay-opacity:0.5;--overlay-mix-blend-mode:multiply;--margin-top:0px;--margin-bottom:0px;--margin-left:0px;--margin-right:0px;--padding-top:0px;--padding-bottom:0px;--padding-left:0px;--padding-right:0px;}.elementor-358 .elementor-element.elementor-element-b47b9fd::before, .elementor-358 .elementor-element.elementor-element-b47b9fd > .elementor-background-video-container::before, .elementor-358 .elementor-element.elementor-element-b47b9fd > .e-con-inner > .elementor-background-video-container::before, .elementor-358 .elementor-element.elementor-element-b47b9fd > .elementor-background-slideshow::before, .elementor-358 .elementor-element.elementor-element-b47b9fd > .e-con-inner > .elementor-background-slideshow::before, .elementor-358 .elementor-element.elementor-element-b47b9fd > .elementor-motion-effects-container > .elementor-motion-effects-layer::before{background-image:url(\"https:\/\/fueldmotion.com\/wp-content\/uploads\/2025\/02\/WhatsApp-Image-2025-01-28-at-10.04-Photoroom.jpg\");--background-overlay:'';background-position:center center;background-repeat:no-repeat;background-size:cover;}.elementor-358 .elementor-element.elementor-element-b47b9fd::before{filter:brightness( 103% ) contrast( 100% ) saturate( 100% ) blur( 0px ) hue-rotate( 0deg );}.elementor-358 .elementor-element.elementor-element-71a13a5{--display:flex;--min-height:201px;--flex-direction:column;--container-widget-width:100%;--container-widget-height:initial;--container-widget-flex-grow:0;--container-widget-align-self:initial;--flex-wrap-mobile:wrap;--justify-content:center;--margin-top:0rem;--margin-bottom:0rem;--margin-left:0rem;--margin-right:0rem;--padding-top:0px;--padding-bottom:0px;--padding-left:0px;--padding-right:0px;}.elementor-358 .elementor-element.elementor-element-b29cd10 .elementor-wrapper{--video-aspect-ratio:1.77777;}.elementor-358 .elementor-element.elementor-element-98c7d8e{--display:flex;--min-height:433px;--flex-direction:row;--container-widget-width:initial;--container-widget-height:100%;--container-widget-flex-grow:1;--container-widget-align-self:stretch;--flex-wrap-mobile:wrap;--justify-content:center;--overlay-opacity:0.5;--overlay-mix-blend-mode:multiply;--padding-top:0px;--padding-bottom:0px;--padding-left:0px;--padding-right:0px;}.elementor-358 .elementor-element.elementor-element-98c7d8e::before, .elementor-358 .elementor-element.elementor-element-98c7d8e > .elementor-background-video-container::before, .elementor-358 .elementor-element.elementor-element-98c7d8e > .e-con-inner > .elementor-background-video-container::before, .elementor-358 .elementor-element.elementor-element-98c7d8e > .elementor-background-slideshow::before, .elementor-358 .elementor-element.elementor-element-98c7d8e > .e-con-inner > .elementor-background-slideshow::before, .elementor-358 .elementor-element.elementor-element-98c7d8e > .elementor-motion-effects-container > .elementor-motion-effects-layer::before{background-image:url(\"https:\/\/fueldmotion.com\/wp-content\/uploads\/2025\/02\/WhatsApp-Image-2025-01-28-at-10.04-Photoroom.jpg\");--background-overlay:'';background-position:center center;background-size:cover;}.elementor-358 .elementor-element.elementor-element-98c7d8e::before{filter:brightness( 103% ) contrast( 100% ) saturate( 100% ) blur( 0px ) hue-rotate( 0deg );}.elementor-358 .elementor-element.elementor-element-3707472{--display:flex;--min-height:0px;--flex-direction:column;--container-widget-width:100%;--container-widget-height:initial;--container-widget-flex-grow:0;--container-widget-align-self:initial;--flex-wrap-mobile:wrap;--justify-content:center;--margin-top:0rem;--margin-bottom:0rem;--margin-left:0rem;--margin-right:0rem;--padding-top:0px;--padding-bottom:0px;--padding-left:0px;--padding-right:0px;}.elementor-358 .elementor-element.elementor-element-6879298 .elementor-wrapper{--video-aspect-ratio:1.77777;}.elementor-358 .elementor-element.elementor-element-349feda{--display:flex;--min-height:201px;--flex-direction:column;--container-widget-width:100%;--container-widget-height:initial;--container-widget-flex-grow:0;--container-widget-align-self:initial;--flex-wrap-mobile:wrap;--justify-content:center;--margin-top:0rem;--margin-bottom:0rem;--margin-left:0rem;--margin-right:0rem;--padding-top:0px;--padding-bottom:0px;--padding-left:0px;--padding-right:0px;}.elementor-358 .elementor-element.elementor-element-29969c8 .elementor-wrapper{--video-aspect-ratio:1.77777;}.elementor-358 .elementor-element.elementor-element-5cf1dbd{--display:flex;--min-height:374px;--flex-direction:row;--container-widget-width:initial;--container-widget-height:100%;--container-widget-flex-grow:1;--container-widget-align-self:stretch;--flex-wrap-mobile:wrap;--justify-content:center;--overlay-opacity:0.5;--overlay-mix-blend-mode:multiply;--padding-top:0px;--padding-bottom:0px;--padding-left:0px;--padding-right:0px;}.elementor-358 .elementor-element.elementor-element-5cf1dbd::before, .elementor-358 .elementor-element.elementor-element-5cf1dbd > .elementor-background-video-container::before, .elementor-358 .elementor-element.elementor-element-5cf1dbd > .e-con-inner > .elementor-background-video-container::before, .elementor-358 .elementor-element.elementor-element-5cf1dbd > .elementor-background-slideshow::before, .elementor-358 .elementor-element.elementor-element-5cf1dbd > .e-con-inner > .elementor-background-slideshow::before, .elementor-358 .elementor-element.elementor-element-5cf1dbd > .elementor-motion-effects-container > .elementor-motion-effects-layer::before{background-image:url(\"https:\/\/fueldmotion.com\/wp-content\/uploads\/2025\/02\/WhatsApp-Image-2025-01-28-at-10.04-Photoroom.jpg\");--background-overlay:'';background-position:center center;background-size:cover;}.elementor-358 .elementor-element.elementor-element-5cf1dbd::before{filter:brightness( 103% ) contrast( 100% ) saturate( 100% ) blur( 0px ) hue-rotate( 0deg );}.elementor-358 .elementor-element.elementor-element-539bc35{--display:flex;--min-height:201px;--flex-direction:column;--container-widget-width:100%;--container-widget-height:initial;--container-widget-flex-grow:0;--container-widget-align-self:initial;--flex-wrap-mobile:wrap;--justify-content:flex-start;--margin-top:0rem;--margin-bottom:0rem;--margin-left:0rem;--margin-right:0rem;--padding-top:0px;--padding-bottom:0px;--padding-left:0px;--padding-right:0px;}.elementor-358 .elementor-element.elementor-element-a1eec15 .elementor-wrapper{--video-aspect-ratio:1.77777;}.elementor-358 .elementor-element.elementor-element-2cc3304{--display:flex;--min-height:197px;--flex-direction:column;--container-widget-width:100%;--container-widget-height:initial;--container-widget-flex-grow:0;--container-widget-align-self:initial;--flex-wrap-mobile:wrap;--justify-content:flex-start;--margin-top:0rem;--margin-bottom:0rem;--margin-left:0rem;--margin-right:0rem;--padding-top:0px;--padding-bottom:0px;--padding-left:0px;--padding-right:0px;}.elementor-358 .elementor-element.elementor-element-1768f32 .elementor-wrapper{--video-aspect-ratio:1.77777;}.elementor-358 .elementor-element.elementor-element-f3a1f37{--display:flex;--flex-direction:column;--container-widget-width:100%;--container-widget-height:initial;--container-widget-flex-grow:0;--container-widget-align-self:initial;--flex-wrap-mobile:wrap;--overlay-opacity:0.45;--overlay-mix-blend-mode:multiply;--padding-top:0px;--padding-bottom:0px;--padding-left:0px;--padding-right:0px;}.elementor-358 .elementor-element.elementor-element-f3a1f37::before, .elementor-358 .elementor-element.elementor-element-f3a1f37 > .elementor-background-video-container::before, .elementor-358 .elementor-element.elementor-element-f3a1f37 > .e-con-inner > .elementor-background-video-container::before, .elementor-358 .elementor-element.elementor-element-f3a1f37 > .elementor-background-slideshow::before, .elementor-358 .elementor-element.elementor-element-f3a1f37 > .e-con-inner > .elementor-background-slideshow::before, .elementor-358 .elementor-element.elementor-element-f3a1f37 > .elementor-motion-effects-container > .elementor-motion-effects-layer::before{background-image:url(\"https:\/\/fueldmotion.com\/wp-content\/uploads\/2025\/02\/WhatsApp-Image-2025-01-28-at-10.04-Photoroom.jpg\");--background-overlay:'';background-position:center center;background-size:cover;}.elementor-358 .elementor-element.elementor-element-f3a1f37::before{filter:brightness( 103% ) contrast( 100% ) saturate( 100% ) blur( 0px ) hue-rotate( 0deg );}.elementor-358 .elementor-element.elementor-element-a484e43{--display:flex;--min-height:201px;--flex-direction:column;--container-widget-width:100%;--container-widget-height:initial;--container-widget-flex-grow:0;--container-widget-align-self:initial;--flex-wrap-mobile:wrap;--justify-content:center;--margin-top:0rem;--margin-bottom:0rem;--margin-left:0rem;--margin-right:0rem;--padding-top:0px;--padding-bottom:0px;--padding-left:0px;--padding-right:0px;}.elementor-widget-heading .elementor-heading-title{font-family:var( --e-global-typography-primary-font-family ), Sans-serif;font-weight:var( --e-global-typography-primary-font-weight );color:var( --e-global-color-primary );}.elementor-358 .elementor-element.elementor-element-bebea1d{text-align:center;}.elementor-358 .elementor-element.elementor-element-bebea1d .elementor-heading-title{font-family:\"Anton\", Sans-serif;font-size:32px;font-weight:500;text-transform:uppercase;line-height:22px;color:#BD2D2A;}.elementor-widget-button .elementor-button{background-color:var( --e-global-color-accent );font-family:var( --e-global-typography-accent-font-family ), Sans-serif;font-weight:var( --e-global-typography-accent-font-weight );}.elementor-358 .elementor-element.elementor-element-e2ea4ff .elementor-button{background-color:#F6F4F1AD;font-family:\"New York Times\", Sans-serif;font-weight:400;text-transform:uppercase;fill:#000000;color:#000000;border-style:none;}.elementor-358 .elementor-element.elementor-element-e2ea4ff .elementor-button:hover, .elementor-358 .elementor-element.elementor-element-e2ea4ff .elementor-button:focus{background-color:var( --e-global-color-astglobalcolor3 );color:var( --e-global-color-astglobalcolor4 );}.elementor-358 .elementor-element.elementor-element-e2ea4ff > .elementor-widget-container{margin:10px 0px 0px 0px;}.elementor-358 .elementor-element.elementor-element-e2ea4ff .elementor-button:hover svg, .elementor-358 .elementor-element.elementor-element-e2ea4ff .elementor-button:focus svg{fill:var( --e-global-color-astglobalcolor4 );}@media(min-width:768px){.elementor-358 .elementor-element.elementor-element-71a13a5{--content-width:944px;}.elementor-358 .elementor-element.elementor-element-3707472{--width:50%;}.elementor-358 .elementor-element.elementor-element-349feda{--width:50%;}.elementor-358 .elementor-element.elementor-element-539bc35{--width:50%;}.elementor-358 .elementor-element.elementor-element-2cc3304{--width:50%;}}@media(max-width:1024px){.elementor-358 .elementor-element.elementor-element-b47b9fd{--padding-top:0px;--padding-bottom:0px;--padding-left:40px;--padding-right:40px;}.elementor-358 .elementor-element.elementor-element-98c7d8e{--min-height:293px;--padding-top:0px;--padding-bottom:0px;--padding-left:22px;--padding-right:22px;}.elementor-358 .elementor-element.elementor-element-5cf1dbd{--min-height:193px;--padding-top:0px;--padding-bottom:0px;--padding-left:22px;--padding-right:22px;}.elementor-358 .elementor-element.elementor-element-a484e43{--min-height:168px;--justify-content:flex-start;}}@media(max-width:767px){.elementor-358 .elementor-element.elementor-element-b47b9fd{--gap:0px 0px;--row-gap:0px;--column-gap:0px;--padding-top:0px;--padding-bottom:20px;--padding-left:0px;--padding-right:0px;}.elementor-358 .elementor-element.elementor-element-71a13a5{--padding-top:0px;--padding-bottom:0px;--padding-left:20px;--padding-right:20px;}.elementor-358 .elementor-element.elementor-element-b29cd10 > .elementor-widget-container{padding:0px 0px 20px 0px;}.elementor-358 .elementor-element.elementor-element-98c7d8e{--margin-top:0px;--margin-bottom:0px;--margin-left:0px;--margin-right:0px;--padding-top:0px;--padding-bottom:20px;--padding-left:0px;--padding-right:0px;}.elementor-358 .elementor-element.elementor-element-3707472{--padding-top:0px;--padding-bottom:20px;--padding-left:20px;--padding-right:20px;}.elementor-358 .elementor-element.elementor-element-349feda{--padding-top:0px;--padding-bottom:20px;--padding-left:20px;--padding-right:20px;}.elementor-358 .elementor-element.elementor-element-5cf1dbd{--padding-top:0px;--padding-bottom:0px;--padding-left:0px;--padding-right:0px;}.elementor-358 .elementor-element.elementor-element-539bc35{--padding-top:0px;--padding-bottom:0px;--padding-left:20px;--padding-right:20px;}.elementor-358 .elementor-element.elementor-element-a1eec15 > .elementor-widget-container{padding:0px 0px 20px 0px;}.elementor-358 .elementor-element.elementor-element-2cc3304{--padding-top:0px;--padding-bottom:20px;--padding-left:20px;--padding-right:20px;}.elementor-358 .elementor-element.elementor-element-1768f32 > .elementor-widget-container{padding:0px 0px 20px 0px;}.elementor-358 .elementor-element.elementor-element-f3a1f37{--padding-top:0px;--padding-bottom:0px;--padding-left:0px;--padding-right:0px;}.elementor-358 .elementor-element.elementor-element-a484e43{--padding-top:0px;--padding-bottom:0px;--padding-left:20px;--padding-right:20px;}.elementor-358 .elementor-element.elementor-element-bebea1d .elementor-heading-title{font-size:18px;line-height:36px;}}\/* Start Custom Fonts CSS *\/@font-face {\n\tfont-family: 'New York Times';\n\tfont-style: normal;\n\tfont-weight: normal;\n\tfont-display: auto;\n\tsrc: url('https:\/\/fueldmotion.com\/wp-content\/uploads\/2025\/02\/NewWorkTimes-Regular.woff') format('woff');\n}\n\/* End Custom Fonts CSS *\/<\/style>\t\t<div data-elementor-type=\"wp-page\" data-elementor-id=\"358\" class=\"elementor elementor-358\" data-elementor-post-type=\"page\">\n\t\t\t\t<div class=\"elementor-element elementor-element-82b37c2 e-flex e-con-boxed e-con e-parent\" data-id=\"82b37c2\" data-element_type=\"container\">\n\t\t\t\t\t<div class=\"e-con-inner\">\n\t\t\t\t\t<\/div>\n\t\t\t\t<\/div>\n\t\t<div class=\"elementor-element elementor-element-b47b9fd e-con-full e-flex e-con e-parent\" data-id=\"b47b9fd\" data-element_type=\"container\" data-settings=\"{&quot;background_background&quot;:&quot;classic&quot;}\">\n\t\t<div class=\"elementor-element elementor-element-71a13a5 e-flex e-con-boxed e-con e-child\" data-id=\"71a13a5\" data-element_type=\"container\" data-settings=\"{&quot;background_background&quot;:&quot;classic&quot;}\">\n\t\t\t\t\t<div class=\"e-con-inner\">\n\t\t\t\t<div class=\"elementor-element elementor-element-b29cd10 elementor-widget elementor-widget-video\" data-id=\"b29cd10\" data-element_type=\"widget\" data-settings=\"{&quot;youtube_url&quot;:&quot;https:\\\/\\\/youtu.be\\\/FSlYNwuJkxs&quot;,&quot;_animation&quot;:&quot;none&quot;,&quot;video_type&quot;:&quot;youtube&quot;,&quot;controls&quot;:&quot;yes&quot;}\" data-widget_type=\"video.default\">\n\t\t\t\t<div class=\"elementor-widget-container\">\n\t\t\t\t\t\t\t<div class=\"elementor-wrapper elementor-open-inline\">\n\t\t\t<div class=\"elementor-video\"><\/div>\t\t<\/div>\n\t\t\t\t\t\t<\/div>\n\t\t\t\t<\/div>\n\t\t\t\t\t<\/div>\n\t\t\t\t<\/div>\n\t\t\t\t<\/div>\n\t\t<div class=\"elementor-element elementor-element-98c7d8e e-flex e-con-boxed e-con e-parent\" data-id=\"98c7d8e\" data-element_type=\"container\" data-settings=\"{&quot;background_background&quot;:&quot;classic&quot;}\">\n\t\t\t\t\t<div class=\"e-con-inner\">\n\t\t<div class=\"elementor-element elementor-element-3707472 e-con-full e-flex e-con e-child\" data-id=\"3707472\" data-element_type=\"container\" data-settings=\"{&quot;background_background&quot;:&quot;classic&quot;}\">\n\t\t\t\t<div class=\"elementor-element elementor-element-6879298 elementor-widget elementor-widget-video\" data-id=\"6879298\" data-element_type=\"widget\" data-settings=\"{&quot;youtube_url&quot;:&quot;https:\\\/\\\/youtu.be\\\/mBbIN64j4pw&quot;,&quot;_animation&quot;:&quot;none&quot;,&quot;video_type&quot;:&quot;youtube&quot;,&quot;controls&quot;:&quot;yes&quot;}\" data-widget_type=\"video.default\">\n\t\t\t\t<div class=\"elementor-widget-container\">\n\t\t\t\t\t\t\t<div class=\"elementor-wrapper elementor-open-inline\">\n\t\t\t<div class=\"elementor-video\"><\/div>\t\t<\/div>\n\t\t\t\t\t\t<\/div>\n\t\t\t\t<\/div>\n\t\t\t\t<\/div>\n\t\t<div class=\"elementor-element elementor-element-349feda e-con-full e-flex e-con e-child\" data-id=\"349feda\" data-element_type=\"container\" data-settings=\"{&quot;background_background&quot;:&quot;classic&quot;}\">\n\t\t\t\t<div class=\"elementor-element elementor-element-29969c8 elementor-widget elementor-widget-video\" data-id=\"29969c8\" data-element_type=\"widget\" data-settings=\"{&quot;youtube_url&quot;:&quot;https:\\\/\\\/youtube.com\\\/shorts\\\/kNutxsSTEVo&quot;,&quot;_animation&quot;:&quot;none&quot;,&quot;video_type&quot;:&quot;youtube&quot;,&quot;controls&quot;:&quot;yes&quot;}\" data-widget_type=\"video.default\">\n\t\t\t\t<div class=\"elementor-widget-container\">\n\t\t\t\t\t\t\t<div class=\"elementor-wrapper elementor-open-inline\">\n\t\t\t<div class=\"elementor-video\"><\/div>\t\t<\/div>\n\t\t\t\t\t\t<\/div>\n\t\t\t\t<\/div>\n\t\t\t\t<\/div>\n\t\t\t\t\t<\/div>\n\t\t\t\t<\/div>\n\t\t<div class=\"elementor-element elementor-element-5cf1dbd e-flex e-con-boxed e-con e-parent\" data-id=\"5cf1dbd\" data-element_type=\"container\" data-settings=\"{&quot;background_background&quot;:&quot;classic&quot;}\">\n\t\t\t\t\t<div class=\"e-con-inner\">\n\t\t<div class=\"elementor-element elementor-element-539bc35 e-con-full e-flex e-con e-child\" data-id=\"539bc35\" data-element_type=\"container\" data-settings=\"{&quot;background_background&quot;:&quot;classic&quot;}\">\n\t\t\t\t<div class=\"elementor-element elementor-element-a1eec15 elementor-widget elementor-widget-video\" data-id=\"a1eec15\" data-element_type=\"widget\" data-settings=\"{&quot;youtube_url&quot;:&quot;https:\\\/\\\/youtube.com\\\/shorts\\\/TbX4y-NpcDA&quot;,&quot;_animation&quot;:&quot;none&quot;,&quot;video_type&quot;:&quot;youtube&quot;,&quot;controls&quot;:&quot;yes&quot;}\" data-widget_type=\"video.default\">\n\t\t\t\t<div class=\"elementor-widget-container\">\n\t\t\t\t\t\t\t<div class=\"elementor-wrapper elementor-open-inline\">\n\t\t\t<div class=\"elementor-video\"><\/div>\t\t<\/div>\n\t\t\t\t\t\t<\/div>\n\t\t\t\t<\/div>\n\t\t\t\t<\/div>\n\t\t<div class=\"elementor-element elementor-element-2cc3304 e-con-full e-flex e-con e-child\" data-id=\"2cc3304\" data-element_type=\"container\" data-settings=\"{&quot;background_background&quot;:&quot;classic&quot;}\">\n\t\t\t\t<div class=\"elementor-element elementor-element-1768f32 elementor-widget elementor-widget-video\" data-id=\"1768f32\" data-element_type=\"widget\" data-settings=\"{&quot;youtube_url&quot;:&quot;https:\\\/\\\/youtu.be\\\/2CR0IXvcl00&quot;,&quot;_animation&quot;:&quot;none&quot;,&quot;video_type&quot;:&quot;youtube&quot;,&quot;controls&quot;:&quot;yes&quot;}\" data-widget_type=\"video.default\">\n\t\t\t\t<div class=\"elementor-widget-container\">\n\t\t\t\t\t\t\t<div class=\"elementor-wrapper elementor-open-inline\">\n\t\t\t<div class=\"elementor-video\"><\/div>\t\t<\/div>\n\t\t\t\t\t\t<\/div>\n\t\t\t\t<\/div>\n\t\t\t\t<\/div>\n\t\t\t\t\t<\/div>\n\t\t\t\t<\/div>\n\t\t<div class=\"elementor-element elementor-element-f3a1f37 e-con-full e-flex e-con e-parent\" data-id=\"f3a1f37\" data-element_type=\"container\">\n\t\t<div class=\"elementor-element elementor-element-a484e43 e-con-full e-flex e-con e-child\" data-id=\"a484e43\" data-element_type=\"container\" data-settings=\"{&quot;background_background&quot;:&quot;classic&quot;}\">\n\t\t\t\t<div class=\"elementor-element elementor-element-bebea1d elementor-widget elementor-widget-heading\" data-id=\"bebea1d\" data-element_type=\"widget\" data-widget_type=\"heading.default\">\n\t\t\t\t<div class=\"elementor-widget-container\">\n\t\t\t\t\t<h2 class=\"elementor-heading-title elementor-size-default\">De l'id\u00e9e \u00e0 l'action, transformons votre vision en une production vid\u00e9o inspirante<\/h2>\t\t\t\t<\/div>\n\t\t\t\t<\/div>\n\t\t\t\t<div class=\"elementor-element elementor-element-e2ea4ff elementor-align-center elementor-widget elementor-widget-button\" data-id=\"e2ea4ff\" data-element_type=\"widget\" data-widget_type=\"button.default\">\n\t\t\t\t<div class=\"elementor-widget-container\">\n\t\t\t\t\t\t\t\t\t<div class=\"elementor-button-wrapper\">\n\t\t\t\t\t<a class=\"elementor-button elementor-button-link elementor-size-sm\" href=\"https:\/\/fueldmotion.com\/fr\/contact\/\">\n\t\t\t\t\t\t<span class=\"elementor-button-content-wrapper\">\n\t\t\t\t\t\t\t\t\t<span class=\"elementor-button-text\">Donnez du mouvement \u00e0 votre marque<\/span>\n\t\t\t\t\t<\/span>\n\t\t\t\t\t<\/a>\n\t\t\t\t<\/div>\n\t\t\t\t\t\t\t\t<\/div>\n\t\t\t\t<\/div>\n\t\t\t\t<\/div>\n\t\t\t\t<\/div>\n\t\t\t\t<\/div>","protected":false},"excerpt":{"rendered":"<p>https:\/\/youtu.be\/FSlYNwuJkxshttps:\/\/youtu.be\/mBbIN64j4pwhttps:\/\/youtube.com\/shorts\/kNutxsSTEVohttps:\/\/youtube.com\/shorts\/TbX4y-NpcDAhttps:\/\/youtu.be\/2CR0IXvcl00 From Vision to Screen, We Deliver Bold and Fearless Cinematic Video Production Start Your Cinematic Journey<\/p>","protected":false},"author":1,"featured_media":0,"parent":0,"menu_order":0,"comment_status":"closed","ping_status":"closed","template":"","meta":{"om_disable_all_campaigns":false,"_monsterinsights_skip_tracking":false,"_monsterinsights_sitenote_active":false,"_monsterinsights_sitenote_note":"","_monsterinsights_sitenote_category":0,"site-sidebar-layout":"no-sidebar","site-content-layout":"","ast-site-content-layout":"full-width-container","site-content-style":"default","site-sidebar-style":"default","ast-global-header-display":"","ast-banner-title-visibility":"","ast-main-header-display":"","ast-hfb-above-header-display":"","ast-hfb-below-header-display":"","ast-hfb-mobile-header-display":"","site-post-title":"disabled","ast-breadcrumbs-content":"","ast-featured-img":"disabled","footer-sml-layout":"","theme-transparent-header-meta":"","adv-header-id-meta":"","stick-header-meta":"","header-above-stick-meta":"","header-main-stick-meta":"","header-below-stick-meta":"","astra-migrate-meta-layouts":"default","ast-page-background-enabled":"default","ast-page-background-meta":{"desktop":{"background-color":"var(--ast-global-color-5)","background-image":"","background-repeat":"repeat","background-position":"center center","background-size":"auto","background-attachment":"scroll","background-type":"","background-media":"","overlay-type":"","overlay-color":"","overlay-opacity":"","overlay-gradient":""},"tablet":{"background-color":"","background-image":"","background-repeat":"repeat","background-position":"center center","background-size":"auto","background-attachment":"scroll","background-type":"","background-media":"","overlay-type":"","overlay-color":"","overlay-opacity":"","overlay-gradient":""},"mobile":{"background-color":"","background-image":"","background-repeat":"repeat","background-position":"center center","background-size":"auto","background-attachment":"scroll","background-type":"","background-media":"","overlay-type":"","overlay-color":"","overlay-opacity":"","overlay-gradient":""}},"ast-content-background-meta":{"desktop":{"background-color":"var(--ast-global-color-4)","background-image":"","background-repeat":"repeat","background-position":"center center","background-size":"auto","background-attachment":"scroll","background-type":"","background-media":"","overlay-type":"","overlay-color":"","overlay-opacity":"","overlay-gradient":""},"tablet":{"background-color":"var(--ast-global-color-4)","background-image":"","background-repeat":"repeat","background-position":"center center","background-size":"auto","background-attachment":"scroll","background-type":"","background-media":"","overlay-type":"","overlay-color":"","overlay-opacity":"","overlay-gradient":""},"mobile":{"background-color":"var(--ast-global-color-4)","background-image":"","background-repeat":"repeat","background-position":"center center","background-size":"auto","background-attachment":"scroll","background-type":"","background-media":"","overlay-type":"","overlay-color":"","overlay-opacity":"","overlay-gradient":""}},"footnotes":""},"class_list":["post-358","page","type-page","status-publish","hentry"],"_links":{"self":[{"href":"https:\/\/fueldmotion.com\/fr\/wp-json\/wp\/v2\/pages\/358","targetHints":{"allow":["GET"]}}],"collection":[{"href":"https:\/\/fueldmotion.com\/fr\/wp-json\/wp\/v2\/pages"}],"about":[{"href":"https:\/\/fueldmotion.com\/fr\/wp-json\/wp\/v2\/types\/page"}],"author":[{"embeddable":true,"href":"https:\/\/fueldmotion.com\/fr\/wp-json\/wp\/v2\/users\/1"}],"replies":[{"embeddable":true,"href":"https:\/\/fueldmotion.com\/fr\/wp-json\/wp\/v2\/comments?post=358"}],"version-history":[{"count":133,"href":"https:\/\/fueldmotion.com\/fr\/wp-json\/wp\/v2\/pages\/358\/revisions"}],"predecessor-version":[{"id":4288,"href":"https:\/\/fueldmotion.com\/fr\/wp-json\/wp\/v2\/pages\/358\/revisions\/4288"}],"wp:attachment":[{"href":"https:\/\/fueldmotion.com\/fr\/wp-json\/wp\/v2\/media?parent=358"}],"curies":[{"name":"wp","href":"https:\/\/api.w.org\/{rel}","templated":true}]}}